{"id":759,"date":"2023-05-22T15:37:18","date_gmt":"2023-05-22T13:37:18","guid":{"rendered":"https:\/\/inamsl.eu\/aviso-legal\/"},"modified":"2024-06-03T14:21:14","modified_gmt":"2024-06-03T12:21:14","slug":"aviso-legal","status":"publish","type":"page","link":"https:\/\/inamsl.eu\/es\/aviso-legal\/","title":{"rendered":"Aviso legal"},"content":{"rendered":"\t\t<div data-elementor-type=\"wp-page\" data-elementor-id=\"759\" class=\"elementor elementor-759 elementor-753\" data-elementor-post-type=\"page\">\n\t\t\t\t\t\t<section class=\"elementor-section elementor-top-section elementor-element elementor-element-62910d9b elementor-section-height-min-height elementor-section-boxed elementor-section-height-default elementor-section-items-middle\" data-id=\"62910d9b\" data-element_type=\"section\" data-e-type=\"section\">\n\t\t\t\t\t\t<div class=\"elementor-container elementor-column-gap-default\">\n\t\t\t\t\t<div class=\"elementor-column elementor-col-100 elementor-top-column elementor-element elementor-element-5bbf78a5\" data-id=\"5bbf78a5\" data-element_type=\"column\" data-e-type=\"column\">\n\t\t\t<div class=\"elementor-widget-wrap elementor-element-populated\">\n\t\t\t\t\t\t<div class=\"elementor-element elementor-element-49c0d3cb elementor-widget elementor-widget-heading\" data-id=\"49c0d3cb\" data-element_type=\"widget\" data-e-type=\"widget\" data-widget_type=\"heading.default\">\n\t\t\t\t<div class=\"elementor-widget-container\">\n\t\t\t\t\t<h1 class=\"elementor-heading-title elementor-size-default\">Aviso legal<\/h1>\t\t\t\t<\/div>\n\t\t\t\t<\/div>\n\t\t\t\t<div class=\"elementor-element elementor-element-7a7ecd3f elementor-widget elementor-widget-text-editor\" data-id=\"7a7ecd3f\" data-element_type=\"widget\" data-e-type=\"widget\" data-widget_type=\"text-editor.default\">\n\t\t\t\t<div class=\"elementor-widget-container\">\n\t\t\t\t\t\t\t\t\t<p>INAM ENGINYERIA SLP con CIF B62324421, i domicilio en Carretera de Montmel\u00f3 76<br \/>08403 Granollers, no puede asumir ninguna responsabilidad derivada del uso incorrecto, inapropiado o il\u00edcito de la informaci\u00f3n aparecida en la p\u00e1gina de Internet de <a href=\"http:\/\/INAMSL.EU\">INAMSL.EU<\/a>.<\/p>\n<p>Con los l\u00edmites establecidos en la ley, INAM ENGINYERIA SLPno asume ninguna responsabilidad derivada de la falta de veracidad, integridad, actualizaci\u00f3n y precisi\u00f3n de los datos o informaciones que se contienen en sus p\u00e1ginas de Internet.<\/p>\n<p>Los contenidos e informaci\u00f3n no vinculan a INAM ENGINYERIA SLP ni constituyen opiniones, consejos o asesoramiento legal de ning\u00fan tipo pues se trata meramente de un producto o servicio ofrecido con car\u00e1cter informativo y divulgativo.<\/p>\n<p>La p\u00e1gina de Internet de <a href=\"http:\/\/INAMSL.EU\">INAMSL.EU<\/a>. puede contener enlaces (links) a otras p\u00e1ginas de terceras partes que INAM ENGINYERIA SLP no puede controlar. Por lo tanto, INAM ENGINYERIA SLP no puede asumir responsabilidades por el contenido que pueda aparecer en p\u00e1ginas de terceros.<\/p>\n<p>Los textos, im\u00e1genes, sonidos, animaciones, software y el resto de los contenidos incluidos en este website son propiedad exclusiva de INAM ENGINYERIA SLP o sus licenciantes. Cualquier acto de transmisi\u00f3n, distribuci\u00f3n, cesi\u00f3n, reproducci\u00f3n, almacenamiento o comunicaci\u00f3n p\u00fablica total o parcial, debe contar con el consentimiento expreso de INAM ENGINYERIA SLP.<\/p>\n<p>Asimismo, para acceder a algunos de los servicios que INAM ENGINYERIA SLP, ofrece a trav\u00e9s del website deber\u00e1 proporcionar algunos datos de car\u00e1cter personal. En cumplimiento de lo establecido en el Reglamento (UE) 2016\/679 del Parlamento Europeo y del Consejo, de 27 de abril de 2016, relativo a la protecci\u00f3n de las personas f\u00edsicas en lo que respecta al tratamiento de datos personales y a la libre circulaci\u00f3n de estos datos le informamos que, mediante la cumplimentaci\u00f3n de los presentes formularios, sus datos personales quedar\u00e1n incorporados y ser\u00e1n tratados en los ficheros de INAM ENGINYERIA SLP con el fin de poderle prestar y ofrecer nuestros servicios as\u00ed como para informarle de las mejoras del sitio Web. Asimismo, le informamos de la posibilidad de que ejerza los derechos de acceso, rectificaci\u00f3n, supresi\u00f3n o limitaci\u00f3n del tratamiento de sus datos de car\u00e1cter personal, manera gratuita mediante email a <a href=\"http:\/\/INAMSL.EU\">INAMSL.EU<\/a>.<\/p>\n\t\t\t\t\t\t\t\t<\/div>\n\t\t\t\t<\/div>\n\t\t\t\t\t<\/div>\n\t\t<\/div>\n\t\t\t\t\t<\/div>\n\t\t<\/section>\n\t\t\t\t<\/div>\n\t\t","protected":false},"excerpt":{"rendered":"<p>Aviso legal INAM ENGINYERIA SLP con CIF B62324421, i domicilio en Carretera de Montmel\u00f3 7608403 Granollers, no puede asumir ninguna responsabilidad derivada del uso incorrecto, inapropiado o il\u00edcito de la informaci\u00f3n aparecida en la p\u00e1gina de Internet de INAMSL.EU. Con los l\u00edmites establecidos en la ley, INAM ENGINYERIA SLPno asume ninguna responsabilidad derivada de la &#8230; <a title=\"Aviso legal\" class=\"read-more\" href=\"https:\/\/inamsl.eu\/es\/aviso-legal\/\" aria-label=\"Leer m\u00e1s sobre Aviso legal\">Leer m\u00e1s<\/a><\/p>\n","protected":false},"author":1,"featured_media":0,"parent":0,"menu_order":0,"comment_status":"closed","ping_status":"closed","template":"","meta":{"footnotes":""},"class_list":["post-759","page","type-page","status-publish"],"_links":{"self":[{"href":"https:\/\/inamsl.eu\/es\/wp-json\/wp\/v2\/pages\/759","targetHints":{"allow":["GET"]}}],"collection":[{"href":"https:\/\/inamsl.eu\/es\/wp-json\/wp\/v2\/pages"}],"about":[{"href":"https:\/\/inamsl.eu\/es\/wp-json\/wp\/v2\/types\/page"}],"author":[{"embeddable":true,"href":"https:\/\/inamsl.eu\/es\/wp-json\/wp\/v2\/users\/1"}],"replies":[{"embeddable":true,"href":"https:\/\/inamsl.eu\/es\/wp-json\/wp\/v2\/comments?post=759"}],"version-history":[{"count":4,"href":"https:\/\/inamsl.eu\/es\/wp-json\/wp\/v2\/pages\/759\/revisions"}],"predecessor-version":[{"id":872,"href":"https:\/\/inamsl.eu\/es\/wp-json\/wp\/v2\/pages\/759\/revisions\/872"}],"wp:attachment":[{"href":"https:\/\/inamsl.eu\/es\/wp-json\/wp\/v2\/media?parent=759"}],"curies":[{"name":"wp","href":"https:\/\/api.w.org\/{rel}","templated":true}]}}