{"id":745,"date":"2023-05-22T14:58:13","date_gmt":"2023-05-22T12:58:13","guid":{"rendered":"https:\/\/inamsl.eu\/?page_id=745"},"modified":"2024-06-03T14:21:38","modified_gmt":"2024-06-03T12:21:38","slug":"declaracion-de-accesibilidad","status":"publish","type":"page","link":"https:\/\/inamsl.eu\/es\/declaracion-de-accesibilidad\/","title":{"rendered":"Declaraci\u00f3n de accesibilidad"},"content":{"rendered":"\t\t<div data-elementor-type=\"wp-page\" data-elementor-id=\"745\" class=\"elementor elementor-745 elementor-744\" data-elementor-post-type=\"page\">\n\t\t\t\t\t\t<section class=\"elementor-section elementor-top-section elementor-element elementor-element-bf9afb2 elementor-section-boxed elementor-section-height-default elementor-section-height-default\" data-id=\"bf9afb2\" data-element_type=\"section\" data-e-type=\"section\">\n\t\t\t\t\t\t<div class=\"elementor-container elementor-column-gap-default\">\n\t\t\t\t\t<div class=\"elementor-column elementor-col-100 elementor-top-column elementor-element elementor-element-c8f4cbe\" data-id=\"c8f4cbe\" data-element_type=\"column\" data-e-type=\"column\">\n\t\t\t<div class=\"elementor-widget-wrap elementor-element-populated\">\n\t\t\t\t\t\t<div class=\"elementor-element elementor-element-12a7572 elementor-widget elementor-widget-heading\" data-id=\"12a7572\" data-element_type=\"widget\" data-e-type=\"widget\" data-widget_type=\"heading.default\">\n\t\t\t\t<div class=\"elementor-widget-container\">\n\t\t\t\t\t<h1 class=\"elementor-heading-title elementor-size-default\">Declaraci\u00f3n de accesibilidad<\/h1>\t\t\t\t<\/div>\n\t\t\t\t<\/div>\n\t\t\t\t<div class=\"elementor-element elementor-element-ea5888b elementor-widget elementor-widget-text-editor\" data-id=\"ea5888b\" data-element_type=\"widget\" data-e-type=\"widget\" data-widget_type=\"text-editor.default\">\n\t\t\t\t<div class=\"elementor-widget-container\">\n\t\t\t\t\t\t\t\t\t<p>INAM Enginyeria se ha comprometido a hacer accesible su sitio web de conformidad con el Real Decreto 1112\/2018, de 7 de septiembre, sobre accesibilidad de los sitios web y aplicaciones para dispositivos m\u00f3viles del sector p\u00fablico (en adelante, RD 1112\/2018, de 7 de septiembre).<\/p>\n<p>La presente declaraci\u00f3n de accesibilidad se aplica al sitio web https:\/\/inamsl.eu, excluyendo los contenidos incrustados provenientes de otros dominios.<\/p>\n<h4><strong>Situaci\u00f3n de cumplimiento<\/strong><\/h4>\n<p>Este sitio web es parcialmente conforme con el RD 1112\/2018, de 7 de septiembre, debido a las excepciones y a la falta de conformidad de los aspectos que se indican a continuaci\u00f3n.<\/p>\n<h4><strong>Contenido no accesible<\/strong><\/h4>\n<p>El contenido que se recoge a continuaci\u00f3n no es accesible por lo siguiente:<\/p>\n<p>1.- Falta de conformidad con RD 1112\/2018: <br \/>Debido a que se utiliza un gestor de contenidos y existen diferentes usuarios actualizando y creando contenidos nuevos, podr\u00edan existir fallos puntuales de edici\u00f3n en alguna p\u00e1gina web, tanto en contenidos HTML como en documentos finales. No obstante, existe el compromiso de revisi\u00f3n peri\u00f3dica y de solucionar los problemas notificados por los usuarios.<\/p>\n<p>Puede haber contenido externo, como los componentes de Facebook, Twitter, YouTube o Google Maps, que no cumplen completamente con los criterios de accesibilidad.<\/p>\n<p>Puede haber alguna p\u00e1gina donde parte del contenido puede presentarse con p\u00e9rdida de informaci\u00f3n o funcionalidad, necesitando hacer scroll en dos dimensiones [criteri d\u2019\u00e8xit 1.4.10].<\/p>\n<p>2.- Carga desproporcionada: No aplica<\/p>\n<p>3.- El contenido no entra dentro del \u00e1mbito de la legislaci\u00f3n aplicable: podr\u00edan existir archivos ofim\u00e1ticos en PDF u otros formatos publicados antes del 20 de septiembre de 2018 que no cumplan en su totalidad todos los requisitos de accesibilidad.<\/p>\n<h4><strong>Preparaci\u00f3n de la presente declaraci\u00f3n de accesibilidad<\/strong><\/h4>\n<p>La presente declaraci\u00f3n fue preparada el 23 de mayo de 2023.<\/p>\n<p>El m\u00e9todo empleado para preparar la declaraci\u00f3n ha sido una autoevaluaci\u00f3n llevada a cabo por el responsable de accesibilidad.<\/p>\n<p>\u00daltima revisi\u00f3n de la declaraci\u00f3n: 23 de mayo de 2023.<\/p>\n<h4><strong>Observaciones y datos de contacto<\/strong><\/h4>\n<p>Puede realizar comunicaciones sobre requisitos de accesibilidad (art\u00edculo 10.2.a) del Real Decreto 1112\/2018, de 7 de septiembre) como, por ejemplo:<\/p>\n<p>Informar sobre cualquier posible incumplimiento por parte de este sitio web.<\/p>\n<p>Transmitir otras dificultades de acceso al contenido.<\/p>\n<p>Formular cualquier otra consulta o sugerencia de mejora relativa a la accesibilidad del sitio web.<\/p>\n<p>Utilitando las seguientes v\u00edas:<\/p>\n<p>Formulario de contacto de la p\u00e1gina web<\/p>\n<p>Correo electr\u00f3nico: info@inamsl.eu<\/p>\n<p>Tel\u00e9fono: 93 555 75 88<\/p>\n<p>Procedimiento d\u2019aplicaci\u00f3n<\/p>\n<p>A trav\u00e9s de este procedimiento podr\u00e1 iniciar una reclamaci\u00f3n para conocer y oponerse a los motivos de la desestimaci\u00f3n de una solicitud de informaci\u00f3n accesible o queja, instar la adopci\u00f3n de las medidas oportunas en el caso de no estar de acuerdo con la decisi\u00f3n adoptada, o exponer las razones por las que se considera que la respuesta no cumple con los requisitos exigidos.<\/p>\n<p>Formulario de contacto<\/p>\n<h4><strong>Contenido opcional<\/strong><\/h4>\n<p>La versi\u00f3n actualmente visible de este sitio web es de mayo de 2023.<\/p>\n<p>A partir de dicha fecha se llevan a cabo revisiones parciales de los contenidos, tanto de las plantillas como de las p\u00e1ginas y documentos finales publicados, a fin de asegurar el cumplimiento de los requerimientos de accesibilidad que actualmente son los de A y AA de la norma WCAG 2.1, considerando las excepciones del Real Decreto 1112\/2018, de 7 de septiembre.<\/p>\n<h4><strong>Tama\u00f1o del texto<\/strong><\/h4>\n<p>Con el objeto de prestar un mejor servicio, INAM Enginyeria almacena en el ordenador del Usuario peque\u00f1os ficheros de informaci\u00f3n denominados cookies. Para m\u00e1s informaci\u00f3n sobre las cookies y su configuraci\u00f3n acceda a nuestra Pol\u00edtica de Cookies.<\/p>\n\t\t\t\t\t\t\t\t<\/div>\n\t\t\t\t<\/div>\n\t\t\t\t\t<\/div>\n\t\t<\/div>\n\t\t\t\t\t<\/div>\n\t\t<\/section>\n\t\t\t\t<\/div>\n\t\t","protected":false},"excerpt":{"rendered":"<p>Declaraci\u00f3n de accesibilidad INAM Enginyeria se ha comprometido a hacer accesible su sitio web de conformidad con el Real Decreto 1112\/2018, de 7 de septiembre, sobre accesibilidad de los sitios web y aplicaciones para dispositivos m\u00f3viles del sector p\u00fablico (en adelante, RD 1112\/2018, de 7 de septiembre). La presente declaraci\u00f3n de accesibilidad se aplica al &#8230; <a title=\"Declaraci\u00f3n de accesibilidad\" class=\"read-more\" href=\"https:\/\/inamsl.eu\/es\/declaracion-de-accesibilidad\/\" aria-label=\"Leer m\u00e1s sobre Declaraci\u00f3n de accesibilidad\">Leer m\u00e1s<\/a><\/p>\n","protected":false},"author":1,"featured_media":0,"parent":0,"menu_order":0,"comment_status":"closed","ping_status":"closed","template":"","meta":{"footnotes":""},"class_list":["post-745","page","type-page","status-publish"],"_links":{"self":[{"href":"https:\/\/inamsl.eu\/es\/wp-json\/wp\/v2\/pages\/745","targetHints":{"allow":["GET"]}}],"collection":[{"href":"https:\/\/inamsl.eu\/es\/wp-json\/wp\/v2\/pages"}],"about":[{"href":"https:\/\/inamsl.eu\/es\/wp-json\/wp\/v2\/types\/page"}],"author":[{"embeddable":true,"href":"https:\/\/inamsl.eu\/es\/wp-json\/wp\/v2\/users\/1"}],"replies":[{"embeddable":true,"href":"https:\/\/inamsl.eu\/es\/wp-json\/wp\/v2\/comments?post=745"}],"version-history":[{"count":4,"href":"https:\/\/inamsl.eu\/es\/wp-json\/wp\/v2\/pages\/745\/revisions"}],"predecessor-version":[{"id":876,"href":"https:\/\/inamsl.eu\/es\/wp-json\/wp\/v2\/pages\/745\/revisions\/876"}],"wp:attachment":[{"href":"https:\/\/inamsl.eu\/es\/wp-json\/wp\/v2\/media?parent=745"}],"curies":[{"name":"wp","href":"https:\/\/api.w.org\/{rel}","templated":true}]}}